{"id":71,"date":"2018-01-10T15:34:43","date_gmt":"2018-01-10T14:34:43","guid":{"rendered":"http:\/\/3p-automation.it-fabrik.net\/?page_id=71"},"modified":"2018-03-09T13:38:44","modified_gmt":"2018-03-09T12:38:44","slug":"materialliste-fuer-contronic-2","status":"publish","type":"page","link":"https:\/\/www.3p-automation.lu\/de\/systeme-produkte\/materialliste\/materialliste-fuer-contronic-2\/","title":{"rendered":"Materialliste f\u00fcr Contronic 2"},"content":{"rendered":"[vc_row type=&#8220;in_container&#8220; full_screen_row_position=&#8220;middle&#8220; scene_position=&#8220;center&#8220; text_color=&#8220;dark&#8220; text_align=&#8220;left&#8220; overlay_strength=&#8220;0.3&#8243; shape_divider_position=&#8220;bottom&#8220;][vc_column column_padding=&#8220;no-extra-padding&#8220; column_padding_position=&#8220;all&#8220; background_color_opacity=&#8220;1&#8243; background_hover_color_opacity=&#8220;1&#8243; column_shadow=&#8220;none&#8220; column_border_radius=&#8220;none&#8220; width=&#8220;1\/1&#8243; tablet_text_alignment=&#8220;default&#8220; phone_text_alignment=&#8220;default&#8220; column_border_width=&#8220;none&#8220; column_border_style=&#8220;solid&#8220;]\n\t\t\t\t<p class=\"rs-p-wp-fix\"><\/p>\n\t\t\t\t<sr7-module data-alias=\"materialliste-contronic-2\" data-id=\"17\" id=\"SR7_17_1\" data-version=\"6.7.53\">\n\t\t\t\t\t<sr7-adjuster><\/sr7-adjuster>\n\t\t\t\t\t<sr7-content>\n\t\t\t\t\t\t<sr7-slide id=\"SR7_17_1-16\" data-key=\"16\">\n\t\t\t\t\t\t\t<sr7-bg id=\"SR7_17_1-16-slidebg\" class=\"sr7-layer\"><noscript><img decoding=\"async\" src=\"https:\/\/www.3p-automation.lu\/wp-content\/uploads\/hintergrund_03.jpg\" alt=\"\" title=\"Materialliste f\u00fcr Contronic 2\"><\/noscript><\/sr7-bg>\n\t\t\t\t\t\t\t<h1 id=\"SR7_17_1-16-2\" class=\"sr7-layer\">MATERIALLISTE<\/h1>\n\t\t\t\t\t\t\t<h2 id=\"SR7_17_1-16-3\" class=\"sr7-layer\">F\u00fcr Contronic 2<\/h2>\n\t\t\t\t\t\t<\/sr7-slide>\n\t\t\t\t\t<\/sr7-content>\n\t\t\t\t<\/sr7-module>\n\t\t\t\t<script>\n\t\t\t\t\twindow.SR7 ??={};SR7.PMH ??={}; SR7.PMH[\"SR7_17_1\"] = {cn:100,state:false,fn: function() { if (window._tpt!==undefined && window._tpt.prepareModuleHeight !== undefined) {  _tpt.prepareModuleHeight({id:\"SR7_17_1\",el:[],type:'standard',shdw:'0',gh:[400,400,460,420],gw:[1425,1024,778,480],vpt:['-200px'],size:{fullWidth:false, fullHeight:false},mh:'0',onh:0,onw:0,bg:{color:'transparent'},googleFont:\"ignore\",plType:'0',plColor:'#FFFFFF'});   SR7.PMH[\"SR7_17_1\"].state=true;} else if(SR7.PMH[\"SR7_17_1\"].cn-->0)\tsetTimeout( SR7.PMH[\"SR7_17_1\"].fn,19);}};SR7.PMH[\"SR7_17_1\" ].fn();\n\t\t\t\t<\/script>\n[\/vc_column][\/vc_row][vc_row type=&#8220;in_container&#8220; full_screen_row_position=&#8220;middle&#8220; scene_position=&#8220;center&#8220; text_color=&#8220;light&#8220; text_align=&#8220;left&#8220; overlay_strength=&#8220;0.3&#8243; shape_divider_position=&#8220;bottom&#8220; shape_type=&#8220;&#8220;][vc_column column_padding=&#8220;padding-6-percent&#8220; column_padding_position=&#8220;all&#8220; background_color=&#8220;#223d66&#8243; background_color_opacity=&#8220;1&#8243; background_hover_color_opacity=&#8220;1&#8243; column_shadow=&#8220;none&#8220; column_border_radius=&#8220;none&#8220; width=&#8220;1\/2&#8243; tablet_text_alignment=&#8220;default&#8220; phone_text_alignment=&#8220;default&#8220; column_border_width=&#8220;none&#8220; column_border_style=&#8220;solid&#8220;][vc_column_text]\n<h2 class=\"hsmall\">Die 3P Automation Materialliste f\u00fcr Contronic 2 &#8211; Das umfangreiche Angebot f\u00fcr Automatisierungsprozesse mit C2<\/h2>\n<p>Hier finden Sie das vollst\u00e4ndige Angebot von 3P Automation im Bereich \u201eContronic 2\u201c. In unserer Materialliste f\u00fchren wir Ihnen alle unsere Produkte auf, zu denen Sie uns gerne kontaktieren k\u00f6nnen, um weitere Details sowie individuelle Preisinformationen zu erhalten.[\/vc_column_text][\/vc_column][vc_column centered_text=&#8220;true&#8220; column_padding=&#8220;no-extra-padding&#8220; column_padding_position=&#8220;all&#8220; background_color_opacity=&#8220;1&#8243; background_hover_color_opacity=&#8220;0.2&#8243; column_shadow=&#8220;none&#8220; column_border_radius=&#8220;none&#8220; width=&#8220;1\/2&#8243; tablet_text_alignment=&#8220;center&#8220; phone_text_alignment=&#8220;center&#8220; column_border_width=&#8220;none&#8220; column_border_style=&#8220;dotted&#8220;][vc_column_text]\n<table class=\"blueTable\">\n<thead>\n<tr>\n<td style=\"width: 20%;\"><strong>Typ<\/strong><\/td>\n<td style=\"width: 50%;\"><strong>Bezeichnung<\/strong><\/td>\n<td style=\"width: 30%;\"><strong>Preis<\/strong><\/td>\n<\/tr>\n<\/thead>\n<tbody>\n<tr>\n<td>CA023<\/td>\n<td>Sicherungs- und Konstantspannungseinheit<\/td>\n<td><a href=\"\/kontakt\/\">Preis anfragen<\/a><\/td>\n<\/tr>\n<tr>\n<td>CA032<\/td>\n<td>Sicherungseinheit<\/td>\n<td><a href=\"\/kontakt\/\">Preis anfragen<\/a><\/td>\n<\/tr>\n<tr>\n<td>CA112<\/td>\n<td>Konstantspannungseinheit<\/td>\n<td><a href=\"\/kontakt\/\">Preis anfragen<\/a><\/td>\n<\/tr>\n<tr>\n<td>CL032<\/td>\n<td>FL222 Zentrallogikeinheit (Zusammen mit CL042)<\/td>\n<td><a href=\"\/kontakt\/\">Preis anfragen<\/a><\/td>\n<\/tr>\n<tr>\n<td>CL042<\/td>\n<td>FL222 Zentrallogikeinheit (Zusammen mit CL032)<\/td>\n<td><a href=\"\/kontakt\/\">Preis anfragen<\/a><\/td>\n<\/tr>\n<tr>\n<td>CM112<\/td>\n<td>Elektronischer Analogspeicher<\/td>\n<td><a href=\"\/kontakt\/\">Preis anfragen<\/a><\/td>\n<\/tr>\n<tr>\n<td>CN022<\/td>\n<td>Max-\/Min- von 3-Einheit<\/td>\n<td><a href=\"\/kontakt\/\">Preis anfragen<\/a><\/td>\n<\/tr>\n<tr>\n<td>CN112<\/td>\n<td>2-Punkt-Schalteinheit<\/td>\n<td><a href=\"\/kontakt\/\">Preis anfragen<\/a><\/td>\n<\/tr>\n<tr>\n<td>CN143<\/td>\n<td>2-Punkt-Schalteinheit<\/td>\n<td><a href=\"\/kontakt\/\">Preis anfragen<\/a><\/td>\n<\/tr>\n<tr>\n<td>CN152<\/td>\n<td>2-Punkt-Schalteinheit<\/td>\n<td><a href=\"\/kontakt\/\">Preis anfragen<\/a><\/td>\n<\/tr>\n<tr>\n<td>CP022<\/td>\n<td>Operationsverst\u00e4rker<\/td>\n<td><a href=\"\/kontakt\/\">Preis anfragen<\/a><\/td>\n<\/tr>\n<tr>\n<td>CS112<\/td>\n<td>Steuerteil 3-Punkt-Schalter<\/td>\n<td><a href=\"\/kontakt\/\">Preis anfragen<\/a><\/td>\n<\/tr>\n<tr>\n<td>CT032<\/td>\n<td>PI-Regler kontinuierlich<\/td>\n<td><a href=\"\/kontakt\/\">Preis anfragen<\/a><\/td>\n<\/tr>\n<tr>\n<td>CT042<\/td>\n<td>PI-Regler kontinuierlich<\/td>\n<td><a href=\"\/kontakt\/\">Preis anfragen<\/a><\/td>\n<\/tr>\n<tr>\n<td>CV252<\/td>\n<td>Schrittregler, einfach<\/td>\n<td><a href=\"\/kontakt\/\">Preis anfragen<\/a><\/td>\n<\/tr>\n<tr>\n<td>CW032<\/td>\n<td>U\/I-Wandler<\/td>\n<td><a href=\"\/kontakt\/\">Preis anfragen<\/a><\/td>\n<\/tr>\n<tr>\n<td>CX012<\/td>\n<td>Multiplizierer<\/td>\n<td><a href=\"\/kontakt\/\">Preis anfragen<\/a><\/td>\n<\/tr>\n<tr>\n<td>CX022<\/td>\n<td>Multipliziererzusatz<\/td>\n<td><a href=\"\/kontakt\/\">Preis anfragen<\/a><\/td>\n<\/tr>\n<tr>\n<td>CZ103<\/td>\n<td>Relaiseinheit<\/td>\n<td><a href=\"\/kontakt\/\">Preis anfragen<\/a><\/td>\n<\/tr>\n<tr>\n<td>ETU 110<\/td>\n<td>Messumformer<\/td>\n<td><a href=\"\/kontakt\/\">Preis anfragen<\/a><\/td>\n<\/tr>\n<tr>\n<td>ETU 120<\/td>\n<td>Messumformer<\/td>\n<td><a href=\"\/kontakt\/\">Preis anfragen<\/a><\/td>\n<\/tr>\n<tr>\n<td>ETUS 111<\/td>\n<td>Messumformer<\/td>\n<td><a href=\"\/kontakt\/\">Preis anfragen<\/a><\/td>\n<\/tr>\n<tr>\n<td>GA 215<\/td>\n<td>Einphasennetzeinheit<\/td>\n<td><a href=\"\/kontakt\/\">Preis anfragen<\/a><\/td>\n<\/tr>\n<tr>\n<td>GQ 025<\/td>\n<td>Anschlusseinheit f\u00fcr Motoren<\/td>\n<td><a href=\"\/kontakt\/\">Preis anfragen<\/a><\/td>\n<\/tr>\n<tr>\n<td>GV015<\/td>\n<td>Leistungseinheit<\/td>\n<td><a href=\"\/kontakt\/\">Preis anfragen<\/a><\/td>\n<\/tr>\n<\/tbody>\n<\/table>\n[\/vc_column_text][\/vc_column][\/vc_row][vc_row type=&#8220;in_container&#8220; full_screen_row_position=&#8220;middle&#8220; bg_color=&#8220;#ffffff&#8220; scene_position=&#8220;center&#8220; text_color=&#8220;light&#8220; text_align=&#8220;left&#8220; overlay_strength=&#8220;0.8&#8243; shape_divider_position=&#8220;bottom&#8220; shape_type=&#8220;&#8220;][vc_column column_padding=&#8220;padding-5-percent&#8220; column_padding_position=&#8220;all&#8220; background_color=&#8220;#eaeaeb&#8220; background_color_opacity=&#8220;1&#8243; background_color_hover=&#8220;#e5e5e5&#8243; background_hover_color_opacity=&#8220;1&#8243; column_shadow=&#8220;none&#8220; column_border_radius=&#8220;none&#8220; width=&#8220;1\/1&#8243; tablet_text_alignment=&#8220;default&#8220; phone_text_alignment=&#8220;default&#8220; column_border_width=&#8220;none&#8220; column_border_color=&#8220;#223d66&#8243; column_border_style=&#8220;solid&#8220;][vc_row_inner column_margin=&#8220;default&#8220; text_align=&#8220;left&#8220;][vc_column_inner column_padding=&#8220;no-extra-padding&#8220; column_padding_position=&#8220;all&#8220; background_color_opacity=&#8220;1&#8243; background_hover_color_opacity=&#8220;1&#8243; column_shadow=&#8220;none&#8220; column_border_radius=&#8220;none&#8220; width=&#8220;1\/3&#8243; column_border_width=&#8220;none&#8220; column_border_style=&#8220;solid&#8220;][image_with_animation image_url=&#8220;18&#8243; alignment=&#8220;center&#8220; animation=&#8220;Fade In&#8220; border_radius=&#8220;none&#8220; box_shadow=&#8220;none&#8220; max_width=&#8220;100%&#8220;][\/vc_column_inner][vc_column_inner column_padding=&#8220;no-extra-padding&#8220; column_padding_position=&#8220;all&#8220; background_color_opacity=&#8220;1&#8243; background_hover_color_opacity=&#8220;1&#8243; column_shadow=&#8220;none&#8220; column_border_radius=&#8220;none&#8220; width=&#8220;2\/3&#8243; column_border_width=&#8220;none&#8220; column_border_style=&#8220;solid&#8220;][vc_column_text el_class=&#8220;higlight01&#8243;]\n<h2 class=\"hmedium color03\">Sie haben Fragen zu unserem Dienstleistungsangebot und unseren Produkten?<\/h2>\n[divider line_type=&#8220;No Line&#8220; custom_height=&#8220;25&#8243;]\n<a class=\"nectar-button n-sc-button large extra-color-1 regular-button\"  href=\"\/kontakt\/\" data-color-override=\"false\" data-hover-color-override=\"false\" data-hover-text-color-override=\"#fff\"><span>Kontaktieren Sie uns!<\/span><\/a>[\/vc_column_text][\/vc_column_inner][\/vc_row_inner][\/vc_column][\/vc_row]\n","protected":false},"excerpt":{"rendered":"<p>[vc_row type=&#8220;in_container&#8220; full_screen_row_position=&#8220;middle&#8220; scene_position=&#8220;center&#8220; text_color=&#8220;dark&#8220; text_align=&#8220;left&#8220; overlay_strength=&#8220;0.3&#8243; shape_divider_position=&#8220;bottom&#8220;][vc_column column_padding=&#8220;no-extra-padding&#8220; column_padding_position=&#8220;all&#8220; background_color_opacity=&#8220;1&#8243; background_hover_color_opacity=&#8220;1&#8243; column_shadow=&#8220;none&#8220; column_border_radius=&#8220;none&#8220; width=&#8220;1\/1&#8243; tablet_text_alignment=&#8220;default&#8220; phone_text_alignment=&#8220;default&#8220; column_border_width=&#8220;none&#8220; column_border_style=&#8220;solid&#8220;][\/vc_column][\/vc_row][vc_row type=&#8220;in_container&#8220; full_screen_row_position=&#8220;middle&#8220; scene_position=&#8220;center&#8220; text_color=&#8220;light&#8220; text_align=&#8220;left&#8220; overlay_strength=&#8220;0.3&#8243; shape_divider_position=&#8220;bottom&#8220; shape_type=&#8220;&#8220;][vc_column column_padding=&#8220;padding-6-percent&#8220; column_padding_position=&#8220;all&#8220; background_color=&#8220;#223d66&#8243;&#8230;<\/p>\n","protected":false},"author":1,"featured_media":0,"parent":69,"menu_order":0,"comment_status":"closed","ping_status":"closed","template":"","meta":{"footnotes":""},"class_list":["post-71","page","type-page","status-publish"],"yoast_head":"<!-- This site is optimized with the Yoast SEO plugin v27.4 - https:\/\/yoast.com\/product\/yoast-seo-wordpress\/ -->\n<title>3P Automation \u2013 Materialliste f\u00fcr Contronic 2.<\/title>\n<meta name=\"description\" content=\"Finden Sie bei 3P Automation alle Produkte und Automatisierungssysteme f\u00fcr Contronic 2 in der \u00fcbersichtlichen Materialliste.\" \/>\n<meta name=\"robots\" content=\"index, follow, max-snippet:-1, max-image-preview:large, max-video-preview:-1\" \/>\n<link rel=\"canonical\" href=\"https:\/\/www.3p-automation.lu\/de\/systeme-produkte\/materialliste\/materialliste-fuer-contronic-2\/\" \/>\n<meta property=\"og:locale\" content=\"de_DE\" \/>\n<meta property=\"og:type\" content=\"article\" \/>\n<meta property=\"og:title\" content=\"3P Automation \u2013 Materialliste f\u00fcr Contronic 2.\" \/>\n<meta property=\"og:description\" content=\"Finden Sie bei 3P Automation alle Produkte und Automatisierungssysteme f\u00fcr Contronic 2 in der \u00fcbersichtlichen Materialliste.\" \/>\n<meta property=\"og:url\" content=\"https:\/\/www.3p-automation.lu\/de\/systeme-produkte\/materialliste\/materialliste-fuer-contronic-2\/\" \/>\n<meta property=\"og:site_name\" content=\"3P Automation\" \/>\n<meta property=\"article:modified_time\" content=\"2018-03-09T12:38:44+00:00\" \/>\n<meta name=\"twitter:card\" content=\"summary_large_image\" \/>\n<meta name=\"twitter:label1\" content=\"Gesch\u00e4tzte Lesezeit\" \/>\n\t<meta name=\"twitter:data1\" content=\"3\u00a0Minuten\" \/>\n<script type=\"application\/ld+json\" class=\"yoast-schema-graph\">{\"@context\":\"https:\\\/\\\/schema.org\",\"@graph\":[{\"@type\":\"WebPage\",\"@id\":\"https:\\\/\\\/www.3p-automation.lu\\\/de\\\/systeme-produkte\\\/materialliste\\\/materialliste-fuer-contronic-2\\\/\",\"url\":\"https:\\\/\\\/www.3p-automation.lu\\\/de\\\/systeme-produkte\\\/materialliste\\\/materialliste-fuer-contronic-2\\\/\",\"name\":\"3P Automation \u2013 Materialliste f\u00fcr Contronic 2.\",\"isPartOf\":{\"@id\":\"https:\\\/\\\/www.3p-automation.lu\\\/de\\\/#website\"},\"datePublished\":\"2018-01-10T14:34:43+00:00\",\"dateModified\":\"2018-03-09T12:38:44+00:00\",\"description\":\"Finden Sie bei 3P Automation alle Produkte und Automatisierungssysteme f\u00fcr Contronic 2 in der \u00fcbersichtlichen Materialliste.\",\"breadcrumb\":{\"@id\":\"https:\\\/\\\/www.3p-automation.lu\\\/de\\\/systeme-produkte\\\/materialliste\\\/materialliste-fuer-contronic-2\\\/#breadcrumb\"},\"inLanguage\":\"de\",\"potentialAction\":[{\"@type\":\"ReadAction\",\"target\":[\"https:\\\/\\\/www.3p-automation.lu\\\/de\\\/systeme-produkte\\\/materialliste\\\/materialliste-fuer-contronic-2\\\/\"]}]},{\"@type\":\"BreadcrumbList\",\"@id\":\"https:\\\/\\\/www.3p-automation.lu\\\/de\\\/systeme-produkte\\\/materialliste\\\/materialliste-fuer-contronic-2\\\/#breadcrumb\",\"itemListElement\":[{\"@type\":\"ListItem\",\"position\":1,\"name\":\"Startseite\",\"item\":\"https:\\\/\\\/www.3p-automation.lu\\\/de\\\/\"},{\"@type\":\"ListItem\",\"position\":2,\"name\":\"Systeme \\\/ Produkte\",\"item\":\"https:\\\/\\\/www.3p-automation.lu\\\/de\\\/systeme-produkte\\\/\"},{\"@type\":\"ListItem\",\"position\":3,\"name\":\"Materialliste\",\"item\":\"https:\\\/\\\/www.3p-automation.lu\\\/de\\\/systeme-produkte\\\/materialliste\\\/\"},{\"@type\":\"ListItem\",\"position\":4,\"name\":\"Materialliste f\u00fcr Contronic 2\"}]},{\"@type\":\"WebSite\",\"@id\":\"https:\\\/\\\/www.3p-automation.lu\\\/de\\\/#website\",\"url\":\"https:\\\/\\\/www.3p-automation.lu\\\/de\\\/\",\"name\":\"3P Automation\",\"description\":\"\",\"potentialAction\":[{\"@type\":\"SearchAction\",\"target\":{\"@type\":\"EntryPoint\",\"urlTemplate\":\"https:\\\/\\\/www.3p-automation.lu\\\/de\\\/?s={search_term_string}\"},\"query-input\":{\"@type\":\"PropertyValueSpecification\",\"valueRequired\":true,\"valueName\":\"search_term_string\"}}],\"inLanguage\":\"de\"}]}<\/script>\n<!-- \/ Yoast SEO plugin. -->","yoast_head_json":{"title":"3P Automation \u2013 Materialliste f\u00fcr Contronic 2.","description":"Finden Sie bei 3P Automation alle Produkte und Automatisierungssysteme f\u00fcr Contronic 2 in der \u00fcbersichtlichen Materialliste.","robots":{"index":"index","follow":"follow","max-snippet":"max-snippet:-1","max-image-preview":"max-image-preview:large","max-video-preview":"max-video-preview:-1"},"canonical":"https:\/\/www.3p-automation.lu\/de\/systeme-produkte\/materialliste\/materialliste-fuer-contronic-2\/","og_locale":"de_DE","og_type":"article","og_title":"3P Automation \u2013 Materialliste f\u00fcr Contronic 2.","og_description":"Finden Sie bei 3P Automation alle Produkte und Automatisierungssysteme f\u00fcr Contronic 2 in der \u00fcbersichtlichen Materialliste.","og_url":"https:\/\/www.3p-automation.lu\/de\/systeme-produkte\/materialliste\/materialliste-fuer-contronic-2\/","og_site_name":"3P Automation","article_modified_time":"2018-03-09T12:38:44+00:00","twitter_card":"summary_large_image","twitter_misc":{"Gesch\u00e4tzte Lesezeit":"3\u00a0Minuten"},"schema":{"@context":"https:\/\/schema.org","@graph":[{"@type":"WebPage","@id":"https:\/\/www.3p-automation.lu\/de\/systeme-produkte\/materialliste\/materialliste-fuer-contronic-2\/","url":"https:\/\/www.3p-automation.lu\/de\/systeme-produkte\/materialliste\/materialliste-fuer-contronic-2\/","name":"3P Automation \u2013 Materialliste f\u00fcr Contronic 2.","isPartOf":{"@id":"https:\/\/www.3p-automation.lu\/de\/#website"},"datePublished":"2018-01-10T14:34:43+00:00","dateModified":"2018-03-09T12:38:44+00:00","description":"Finden Sie bei 3P Automation alle Produkte und Automatisierungssysteme f\u00fcr Contronic 2 in der \u00fcbersichtlichen Materialliste.","breadcrumb":{"@id":"https:\/\/www.3p-automation.lu\/de\/systeme-produkte\/materialliste\/materialliste-fuer-contronic-2\/#breadcrumb"},"inLanguage":"de","potentialAction":[{"@type":"ReadAction","target":["https:\/\/www.3p-automation.lu\/de\/systeme-produkte\/materialliste\/materialliste-fuer-contronic-2\/"]}]},{"@type":"BreadcrumbList","@id":"https:\/\/www.3p-automation.lu\/de\/systeme-produkte\/materialliste\/materialliste-fuer-contronic-2\/#breadcrumb","itemListElement":[{"@type":"ListItem","position":1,"name":"Startseite","item":"https:\/\/www.3p-automation.lu\/de\/"},{"@type":"ListItem","position":2,"name":"Systeme \/ Produkte","item":"https:\/\/www.3p-automation.lu\/de\/systeme-produkte\/"},{"@type":"ListItem","position":3,"name":"Materialliste","item":"https:\/\/www.3p-automation.lu\/de\/systeme-produkte\/materialliste\/"},{"@type":"ListItem","position":4,"name":"Materialliste f\u00fcr Contronic 2"}]},{"@type":"WebSite","@id":"https:\/\/www.3p-automation.lu\/de\/#website","url":"https:\/\/www.3p-automation.lu\/de\/","name":"3P Automation","description":"","potentialAction":[{"@type":"SearchAction","target":{"@type":"EntryPoint","urlTemplate":"https:\/\/www.3p-automation.lu\/de\/?s={search_term_string}"},"query-input":{"@type":"PropertyValueSpecification","valueRequired":true,"valueName":"search_term_string"}}],"inLanguage":"de"}]}},"_links":{"self":[{"href":"https:\/\/www.3p-automation.lu\/de\/wp-json\/wp\/v2\/pages\/71","targetHints":{"allow":["GET"]}}],"collection":[{"href":"https:\/\/www.3p-automation.lu\/de\/wp-json\/wp\/v2\/pages"}],"about":[{"href":"https:\/\/www.3p-automation.lu\/de\/wp-json\/wp\/v2\/types\/page"}],"author":[{"embeddable":true,"href":"https:\/\/www.3p-automation.lu\/de\/wp-json\/wp\/v2\/users\/1"}],"replies":[{"embeddable":true,"href":"https:\/\/www.3p-automation.lu\/de\/wp-json\/wp\/v2\/comments?post=71"}],"version-history":[{"count":33,"href":"https:\/\/www.3p-automation.lu\/de\/wp-json\/wp\/v2\/pages\/71\/revisions"}],"predecessor-version":[{"id":980,"href":"https:\/\/www.3p-automation.lu\/de\/wp-json\/wp\/v2\/pages\/71\/revisions\/980"}],"up":[{"embeddable":true,"href":"https:\/\/www.3p-automation.lu\/de\/wp-json\/wp\/v2\/pages\/69"}],"wp:attachment":[{"href":"https:\/\/www.3p-automation.lu\/de\/wp-json\/wp\/v2\/media?parent=71"}],"curies":[{"name":"wp","href":"https:\/\/api.w.org\/{rel}","templated":true}]}}