{"id":26,"date":"2018-01-10T15:07:09","date_gmt":"2018-01-10T14:07:09","guid":{"rendered":"http:\/\/3p-automation.it-fabrik.net\/?page_id=26"},"modified":"2018-03-09T13:47:35","modified_gmt":"2018-03-09T12:47:35","slug":"3p-automation","status":"publish","type":"page","link":"https:\/\/www.3p-automation.lu\/de\/3p-automation\/","title":{"rendered":"3P Automation"},"content":{"rendered":"[vc_row type=&#8220;in_container&#8220; full_screen_row_position=&#8220;middle&#8220; scene_position=&#8220;center&#8220; text_color=&#8220;dark&#8220; text_align=&#8220;left&#8220; overlay_strength=&#8220;0.3&#8243; shape_divider_position=&#8220;bottom&#8220;][vc_column column_padding=&#8220;no-extra-padding&#8220; column_padding_position=&#8220;all&#8220; background_color_opacity=&#8220;1&#8243; background_hover_color_opacity=&#8220;1&#8243; column_shadow=&#8220;none&#8220; column_border_radius=&#8220;none&#8220; width=&#8220;1\/1&#8243; tablet_text_alignment=&#8220;default&#8220; phone_text_alignment=&#8220;default&#8220; column_border_width=&#8220;none&#8220; column_border_style=&#8220;solid&#8220;]\n\t\t\t\t<p class=\"rs-p-wp-fix\"><\/p>\n\t\t\t\t<sr7-module data-alias=\"3p\" data-id=\"5\" id=\"SR7_5_1\" class=\"rs-ov-hidden\" data-version=\"6.7.52\">\n\t\t\t\t\t<sr7-adjuster><\/sr7-adjuster>\n\t\t\t\t\t<sr7-content>\n\t\t\t\t\t\t<sr7-slide id=\"SR7_5_1-4\" data-key=\"4\">\n\t\t\t\t\t\t\t<sr7-bg id=\"SR7_5_1-4-4\" class=\"sr7-layer\"><noscript><img decoding=\"async\" src=\"https:\/\/www.3p-automation.lu\/wp-content\/uploads\/hintergrund_01-3.jpg\" alt=\"\" title=\"hintergrund_01\"><\/noscript><\/sr7-bg>\n\t\t\t\t\t\t\t<h1 id=\"SR7_5_1-4-2\" class=\"sr7-layer\">3P AUTOMATION<\/h1>\n\t\t\t\t\t\t\t<h2 id=\"SR7_5_1-4-3\" class=\"sr7-layer\">Das Unternehmen<\/h2>\n\t\t\t\t\t\t<\/sr7-slide>\n\t\t\t\t\t<\/sr7-content>\n\t\t\t\t\t<image_lists style=\"display:none\">\n\t\t\t\t\t\t<img data-src=\"\/\/www.3p-automation.lu\/wp-content\/uploads\/hintergrund_01-3.jpg\" width=\"0\" height=\"0\" data-dbsrc=\"Ly93d3cuM3AtYXV0b21hdGlvbi5sdS93cC1jb250ZW50L3VwbG9hZHMvaGludGVyZ3J1bmRfMDEtMy5qcGc=\"\/>\n\t\t\t\t\t<\/image_lists>\n\t\t\t\t<\/sr7-module>\n\t\t\t\t<script>\n\t\t\t\t\twindow.SR7 ??={};SR7.PMH ??={}; SR7.PMH[\"SR7_5_1\"] = {cn:100,state:false,fn: function() { if (window._tpt!==undefined && window._tpt.prepareModuleHeight !== undefined) {  _tpt.prepareModuleHeight({id:\"SR7_5_1\",type:'standard',shdw:'0',gh:[698,698,698,600,600],gw:[1420,1420,1024,778,480],vpt:['-100px&#039;,&#039;-100px&#039;,&#039;-100px&#039;,&#039;-100px&#039;,&#039;-100px'],size:{fullWidth:false, fullHeight:false},mh:'0',onh:0,onw:0,bg:{color:'{\"orig\":\"transparent\",\"type\":\"solid\",\"string\":\"transparent\"}'},googleFont:\"ignore\",plType:'0',plColor:'#FFFFFF'});   SR7.PMH[\"SR7_5_1\"].state=true;} else if(SR7.PMH[\"SR7_5_1\"].cn-->0)\tsetTimeout( SR7.PMH[\"SR7_5_1\"].fn,19);}};SR7.PMH[\"SR7_5_1\" ].fn();\n\t\t\t\t<\/script>\n[\/vc_column][\/vc_row][vc_row type=&#8220;in_container&#8220; full_screen_row_position=&#8220;middle&#8220; equal_height=&#8220;yes&#8220; content_placement=&#8220;middle&#8220; scene_position=&#8220;center&#8220; text_color=&#8220;light&#8220; text_align=&#8220;left&#8220; overlay_strength=&#8220;0.3&#8243; shape_divider_position=&#8220;bottom&#8220; shape_type=&#8220;&#8220;][vc_column column_padding=&#8220;padding-6-percent&#8220; column_padding_position=&#8220;all&#8220; background_color=&#8220;#223d66&#8243; background_color_opacity=&#8220;1&#8243; background_hover_color_opacity=&#8220;1&#8243; column_shadow=&#8220;none&#8220; column_border_radius=&#8220;none&#8220; width=&#8220;1\/2&#8243; tablet_text_alignment=&#8220;default&#8220; phone_text_alignment=&#8220;default&#8220; column_border_width=&#8220;none&#8220; column_border_style=&#8220;solid&#8220;][vc_column_text]\n<h2 class=\"hsmall\">3P Automation \u2013 Unsere Vision. Ihr Erfolg.<br \/>\nErfahrung, Kompetenz, Qualit\u00e4t \u2013 Hand in Hand zur perfekten Automatisierung<\/h2>\n<p>Im Zuge einer immer schneller, rasanter und digitaler werdenden Wirtschaft m\u00fcssen sich auch die technischen Grundvoraussetzungen diesem Zeitgeist anpassen. Um Ihnen bei der stetigen Verfolgung der aktuellen Vorgaben und Ziele zu helfen, wurde 3P Automation im Jahr 2004 gegr\u00fcndet und gew\u00e4hrleistet seitdem ein umfangreiches Dienstleistungs-Portfolio im Fachbereich der Automatisierung.[\/vc_column_text][\/vc_column][vc_column column_padding=&#8220;padding-3-percent&#8220; column_padding_position=&#8220;all&#8220; background_color=&#8220;#eaeaeb&#8220; background_color_opacity=&#8220;1&#8243; background_hover_color_opacity=&#8220;0.2&#8243; column_shadow=&#8220;none&#8220; column_border_radius=&#8220;none&#8220; width=&#8220;1\/2&#8243; tablet_text_alignment=&#8220;left&#8220; phone_text_alignment=&#8220;left&#8220; column_border_width=&#8220;none&#8220; column_border_style=&#8220;dotted&#8220;][image_with_animation image_url=&#8220;18&#8243; alignment=&#8220;center&#8220; animation=&#8220;Fade In&#8220; border_radius=&#8220;none&#8220; box_shadow=&#8220;none&#8220; max_width=&#8220;100%&#8220;][\/vc_column][\/vc_row][vc_row type=&#8220;in_container&#8220; full_screen_row_position=&#8220;middle&#8220; equal_height=&#8220;yes&#8220; content_placement=&#8220;top&#8220; scene_position=&#8220;center&#8220; text_color=&#8220;dark&#8220; text_align=&#8220;left&#8220; overlay_strength=&#8220;0.3&#8243; shape_divider_position=&#8220;bottom&#8220; shape_type=&#8220;&#8220;][vc_column column_padding=&#8220;padding-6-percent&#8220; column_padding_position=&#8220;all&#8220; background_color_opacity=&#8220;1&#8243; background_hover_color_opacity=&#8220;1&#8243; column_shadow=&#8220;none&#8220; column_border_radius=&#8220;none&#8220; width=&#8220;1\/2&#8243; tablet_text_alignment=&#8220;default&#8220; phone_text_alignment=&#8220;default&#8220; column_border_width=&#8220;2px&#8220; column_border_color=&#8220;#eaeaeb&#8220; column_border_style=&#8220;solid&#8220;][vc_column_text]\n<h2 class=\"hsmall\">L\u00f6sungen mit System<\/h2>\n<p>Wir haben ein internationales Netzwerk aus ausgew\u00e4hlten Unternehmen aufgebaut, mit deren Zusammenarbeit wir Ihre Ideen und Projekte anhand der vorhandenen Ressourcen gewinnorientiert umsetzen.<br \/>\nUm dabei Ihren Interessen bestm\u00f6glich nachgehen zu k\u00f6nnen, gew\u00e4hrleisten wir in den Bereichen Dampferzeugung, Mineral\u00f6ltechnik, Gas- und Wasseraufbereitung, Maschinenbau, Chemie- und Petrochemie stets kundenorientierte Arbeitsprozesse. Im Einklang mit dieser Philosophie geh\u00f6rt neben dem Angebot an aufgearbeiteten Ersatzteilen, der Revitalisierung von Bestandsystemen sowie der Inbetriebnahme und dem Optimieren von Systemen auch ein umfangreicher technischer Support-Dienst rund um Ihre Automatisierungssysteme zu unseren Dienstleistungen.<\/p>\n<p>Alles, was f\u00fcr reibungslose Automatisierungsprozesse erforderlich ist \u2013 alles von 3P Automation.[\/vc_column_text][\/vc_column][vc_column column_padding=&#8220;padding-6-percent&#8220; column_padding_position=&#8220;all&#8220; background_color=&#8220;#eaeaeb&#8220; background_color_opacity=&#8220;0.9&#8243; background_hover_color_opacity=&#8220;1&#8243; background_image=&#8220;322&#8243; column_shadow=&#8220;none&#8220; column_border_radius=&#8220;none&#8220; width=&#8220;1\/2&#8243; tablet_text_alignment=&#8220;default&#8220; phone_text_alignment=&#8220;default&#8220; column_border_width=&#8220;none&#8220; column_border_style=&#8220;solid&#8220;][vc_column_text el_class=&#8220;higlight01&#8243;]\n<h2 class=\"hmedium color03\">Sie haben Fragen zu unserem Dienstleistungsangebot und unseren Produkten?<\/h2>\n[divider line_type=&#8220;No Line&#8220; custom_height=&#8220;25&#8243;]\n<a class=\"nectar-button n-sc-button large extra-color-1 regular-button\"  href=\"\/kontakt\/\" data-color-override=\"false\" data-hover-color-override=\"false\" data-hover-text-color-override=\"#fff\"><span>Kontaktieren Sie uns!<\/span><\/a>[\/vc_column_text][\/vc_column][\/vc_row][vc_row type=&#8220;in_container&#8220; full_screen_row_position=&#8220;middle&#8220; scene_position=&#8220;center&#8220; text_color=&#8220;dark&#8220; text_align=&#8220;left&#8220; overlay_strength=&#8220;0.3&#8243; shape_divider_position=&#8220;bottom&#8220;][vc_column centered_text=&#8220;true&#8220; column_padding=&#8220;no-extra-padding&#8220; column_padding_position=&#8220;all&#8220; background_color_opacity=&#8220;1&#8243; background_hover_color_opacity=&#8220;1&#8243; background_image=&#8220;89&#8243; enable_bg_scale=&#8220;true&#8220; column_shadow=&#8220;none&#8220; column_border_radius=&#8220;none&#8220; width=&#8220;1\/3&#8243; tablet_text_alignment=&#8220;default&#8220; phone_text_alignment=&#8220;default&#8220; column_border_width=&#8220;none&#8220; column_border_style=&#8220;solid&#8220;][nectar_btn size=&#8220;large&#8220; button_style=&#8220;see-through-2&#8243; color_override=&#8220;#ffffff&#8220; hover_color_override=&#8220;#223d66&#8243; hover_text_color_override=&#8220;#ffffff&#8220; icon_family=&#8220;none&#8220; url=&#8220;\/3p-automation\/&#8220; text=&#8220;Unternehmen&#8220; margin_top=&#8220;75&#8243; margin_bottom=&#8220;75&#8243;][\/vc_column][vc_column centered_text=&#8220;true&#8220; column_padding=&#8220;no-extra-padding&#8220; column_padding_position=&#8220;all&#8220; background_color_opacity=&#8220;1&#8243; background_hover_color_opacity=&#8220;1&#8243; background_image=&#8220;595&#8243; enable_bg_scale=&#8220;true&#8220; column_shadow=&#8220;none&#8220; column_border_radius=&#8220;none&#8220; width=&#8220;1\/3&#8243; tablet_text_alignment=&#8220;default&#8220; phone_text_alignment=&#8220;default&#8220; column_border_width=&#8220;none&#8220; column_border_style=&#8220;solid&#8220;][nectar_btn size=&#8220;large&#8220; button_style=&#8220;see-through-2&#8243; color_override=&#8220;#ffffff&#8220; hover_color_override=&#8220;#223d66&#8243; hover_text_color_override=&#8220;#ffffff&#8220; icon_family=&#8220;none&#8220; url=&#8220;\/dienstleistungen\/&#8220; text=&#8220;Dienstleistungen&#8220; margin_top=&#8220;75&#8243; margin_bottom=&#8220;75&#8243;][\/vc_column][vc_column centered_text=&#8220;true&#8220; column_padding=&#8220;no-extra-padding&#8220; column_padding_position=&#8220;all&#8220; background_color_opacity=&#8220;1&#8243; background_hover_color_opacity=&#8220;1&#8243; background_image=&#8220;606&#8243; enable_bg_scale=&#8220;true&#8220; column_shadow=&#8220;none&#8220; column_border_radius=&#8220;none&#8220; width=&#8220;1\/3&#8243; tablet_text_alignment=&#8220;default&#8220; phone_text_alignment=&#8220;default&#8220; column_border_width=&#8220;none&#8220; column_border_style=&#8220;solid&#8220;][nectar_btn size=&#8220;large&#8220; button_style=&#8220;see-through-2&#8243; color_override=&#8220;#ffffff&#8220; hover_color_override=&#8220;#223d66&#8243; hover_text_color_override=&#8220;#ffffff&#8220; icon_family=&#8220;none&#8220; url=&#8220;\/systeme-produkte\/&#8220; text=&#8220;Produkte&#8220; margin_top=&#8220;75&#8243; margin_bottom=&#8220;75&#8243;][\/vc_column][\/vc_row]\n","protected":false},"excerpt":{"rendered":"<p>[vc_row type=&#8220;in_container&#8220; full_screen_row_position=&#8220;middle&#8220; scene_position=&#8220;center&#8220; text_color=&#8220;dark&#8220; text_align=&#8220;left&#8220; overlay_strength=&#8220;0.3&#8243; shape_divider_position=&#8220;bottom&#8220;][vc_column column_padding=&#8220;no-extra-padding&#8220; column_padding_position=&#8220;all&#8220; background_color_opacity=&#8220;1&#8243; background_hover_color_opacity=&#8220;1&#8243; column_shadow=&#8220;none&#8220; column_border_radius=&#8220;none&#8220; width=&#8220;1\/1&#8243; tablet_text_alignment=&#8220;default&#8220; phone_text_alignment=&#8220;default&#8220; column_border_width=&#8220;none&#8220; column_border_style=&#8220;solid&#8220;][\/vc_column][\/vc_row][vc_row type=&#8220;in_container&#8220; full_screen_row_position=&#8220;middle&#8220; equal_height=&#8220;yes&#8220; content_placement=&#8220;middle&#8220; scene_position=&#8220;center&#8220; text_color=&#8220;light&#8220; text_align=&#8220;left&#8220; overlay_strength=&#8220;0.3&#8243; shape_divider_position=&#8220;bottom&#8220; shape_type=&#8220;&#8220;][vc_column column_padding=&#8220;padding-6-percent&#8220;&#8230;<\/p>\n","protected":false},"author":1,"featured_media":0,"parent":0,"menu_order":0,"comment_status":"closed","ping_status":"closed","template":"","meta":{"footnotes":""},"class_list":["post-26","page","type-page","status-publish"],"yoast_head":"<!-- This site is optimized with the Yoast SEO plugin v27.3 - https:\/\/yoast.com\/product\/yoast-seo-wordpress\/ -->\n<title>3P Automation \u2013 Das Unternehmen.<\/title>\n<meta name=\"description\" content=\"3P Automation \u2013 Planung, Instandhaltung, Inbetriebnahme, Migration: Alles zur Automatisierung aus einer Hand.\" \/>\n<meta name=\"robots\" content=\"index, follow, max-snippet:-1, max-image-preview:large, max-video-preview:-1\" \/>\n<link rel=\"canonical\" href=\"https:\/\/www.3p-automation.lu\/de\/3p-automation\/\" \/>\n<meta property=\"og:locale\" content=\"de_DE\" \/>\n<meta property=\"og:type\" content=\"article\" \/>\n<meta property=\"og:title\" content=\"3P Automation \u2013 Das Unternehmen.\" \/>\n<meta property=\"og:description\" content=\"3P Automation \u2013 Planung, Instandhaltung, Inbetriebnahme, Migration: Alles zur Automatisierung aus einer Hand.\" \/>\n<meta property=\"og:url\" content=\"https:\/\/www.3p-automation.lu\/de\/3p-automation\/\" \/>\n<meta property=\"og:site_name\" content=\"3P Automation\" \/>\n<meta property=\"article:modified_time\" content=\"2018-03-09T12:47:35+00:00\" \/>\n<meta name=\"twitter:card\" content=\"summary_large_image\" \/>\n<meta name=\"twitter:label1\" content=\"Gesch\u00e4tzte Lesezeit\" \/>\n\t<meta name=\"twitter:data1\" content=\"4\u00a0Minuten\" \/>\n<script type=\"application\/ld+json\" class=\"yoast-schema-graph\">{\"@context\":\"https:\\\/\\\/schema.org\",\"@graph\":[{\"@type\":\"WebPage\",\"@id\":\"https:\\\/\\\/www.3p-automation.lu\\\/de\\\/3p-automation\\\/\",\"url\":\"https:\\\/\\\/www.3p-automation.lu\\\/de\\\/3p-automation\\\/\",\"name\":\"3P Automation \u2013 Das Unternehmen.\",\"isPartOf\":{\"@id\":\"https:\\\/\\\/www.3p-automation.lu\\\/de\\\/#website\"},\"datePublished\":\"2018-01-10T14:07:09+00:00\",\"dateModified\":\"2018-03-09T12:47:35+00:00\",\"description\":\"3P Automation \u2013 Planung, Instandhaltung, Inbetriebnahme, Migration: Alles zur Automatisierung aus einer Hand.\",\"breadcrumb\":{\"@id\":\"https:\\\/\\\/www.3p-automation.lu\\\/de\\\/3p-automation\\\/#breadcrumb\"},\"inLanguage\":\"de\",\"potentialAction\":[{\"@type\":\"ReadAction\",\"target\":[\"https:\\\/\\\/www.3p-automation.lu\\\/de\\\/3p-automation\\\/\"]}]},{\"@type\":\"BreadcrumbList\",\"@id\":\"https:\\\/\\\/www.3p-automation.lu\\\/de\\\/3p-automation\\\/#breadcrumb\",\"itemListElement\":[{\"@type\":\"ListItem\",\"position\":1,\"name\":\"Startseite\",\"item\":\"https:\\\/\\\/www.3p-automation.lu\\\/de\\\/\"},{\"@type\":\"ListItem\",\"position\":2,\"name\":\"3P Automation\"}]},{\"@type\":\"WebSite\",\"@id\":\"https:\\\/\\\/www.3p-automation.lu\\\/de\\\/#website\",\"url\":\"https:\\\/\\\/www.3p-automation.lu\\\/de\\\/\",\"name\":\"3P Automation\",\"description\":\"\",\"potentialAction\":[{\"@type\":\"SearchAction\",\"target\":{\"@type\":\"EntryPoint\",\"urlTemplate\":\"https:\\\/\\\/www.3p-automation.lu\\\/de\\\/?s={search_term_string}\"},\"query-input\":{\"@type\":\"PropertyValueSpecification\",\"valueRequired\":true,\"valueName\":\"search_term_string\"}}],\"inLanguage\":\"de\"}]}<\/script>\n<!-- \/ Yoast SEO plugin. -->","yoast_head_json":{"title":"3P Automation \u2013 Das Unternehmen.","description":"3P Automation \u2013 Planung, Instandhaltung, Inbetriebnahme, Migration: Alles zur Automatisierung aus einer Hand.","robots":{"index":"index","follow":"follow","max-snippet":"max-snippet:-1","max-image-preview":"max-image-preview:large","max-video-preview":"max-video-preview:-1"},"canonical":"https:\/\/www.3p-automation.lu\/de\/3p-automation\/","og_locale":"de_DE","og_type":"article","og_title":"3P Automation \u2013 Das Unternehmen.","og_description":"3P Automation \u2013 Planung, Instandhaltung, Inbetriebnahme, Migration: Alles zur Automatisierung aus einer Hand.","og_url":"https:\/\/www.3p-automation.lu\/de\/3p-automation\/","og_site_name":"3P Automation","article_modified_time":"2018-03-09T12:47:35+00:00","twitter_card":"summary_large_image","twitter_misc":{"Gesch\u00e4tzte Lesezeit":"4\u00a0Minuten"},"schema":{"@context":"https:\/\/schema.org","@graph":[{"@type":"WebPage","@id":"https:\/\/www.3p-automation.lu\/de\/3p-automation\/","url":"https:\/\/www.3p-automation.lu\/de\/3p-automation\/","name":"3P Automation \u2013 Das Unternehmen.","isPartOf":{"@id":"https:\/\/www.3p-automation.lu\/de\/#website"},"datePublished":"2018-01-10T14:07:09+00:00","dateModified":"2018-03-09T12:47:35+00:00","description":"3P Automation \u2013 Planung, Instandhaltung, Inbetriebnahme, Migration: Alles zur Automatisierung aus einer Hand.","breadcrumb":{"@id":"https:\/\/www.3p-automation.lu\/de\/3p-automation\/#breadcrumb"},"inLanguage":"de","potentialAction":[{"@type":"ReadAction","target":["https:\/\/www.3p-automation.lu\/de\/3p-automation\/"]}]},{"@type":"BreadcrumbList","@id":"https:\/\/www.3p-automation.lu\/de\/3p-automation\/#breadcrumb","itemListElement":[{"@type":"ListItem","position":1,"name":"Startseite","item":"https:\/\/www.3p-automation.lu\/de\/"},{"@type":"ListItem","position":2,"name":"3P Automation"}]},{"@type":"WebSite","@id":"https:\/\/www.3p-automation.lu\/de\/#website","url":"https:\/\/www.3p-automation.lu\/de\/","name":"3P Automation","description":"","potentialAction":[{"@type":"SearchAction","target":{"@type":"EntryPoint","urlTemplate":"https:\/\/www.3p-automation.lu\/de\/?s={search_term_string}"},"query-input":{"@type":"PropertyValueSpecification","valueRequired":true,"valueName":"search_term_string"}}],"inLanguage":"de"}]}},"_links":{"self":[{"href":"https:\/\/www.3p-automation.lu\/de\/wp-json\/wp\/v2\/pages\/26","targetHints":{"allow":["GET"]}}],"collection":[{"href":"https:\/\/www.3p-automation.lu\/de\/wp-json\/wp\/v2\/pages"}],"about":[{"href":"https:\/\/www.3p-automation.lu\/de\/wp-json\/wp\/v2\/types\/page"}],"author":[{"embeddable":true,"href":"https:\/\/www.3p-automation.lu\/de\/wp-json\/wp\/v2\/users\/1"}],"replies":[{"embeddable":true,"href":"https:\/\/www.3p-automation.lu\/de\/wp-json\/wp\/v2\/comments?post=26"}],"version-history":[{"count":8,"href":"https:\/\/www.3p-automation.lu\/de\/wp-json\/wp\/v2\/pages\/26\/revisions"}],"predecessor-version":[{"id":988,"href":"https:\/\/www.3p-automation.lu\/de\/wp-json\/wp\/v2\/pages\/26\/revisions\/988"}],"wp:attachment":[{"href":"https:\/\/www.3p-automation.lu\/de\/wp-json\/wp\/v2\/media?parent=26"}],"curies":[{"name":"wp","href":"https:\/\/api.w.org\/{rel}","templated":true}]}}